{"id":44,"date":"2022-02-04T01:12:51","date_gmt":"2022-02-04T01:12:51","guid":{"rendered":"http:\/\/remerasdespum.com.ar\/?page_id=44"},"modified":"2024-08-07T17:49:57","modified_gmt":"2024-08-07T17:49:57","slug":"remeras-lisas","status":"publish","type":"page","link":"https:\/\/remerasdespum.com.ar\/?page_id=44","title":{"rendered":"Remeras lisas de Spum"},"content":{"rendered":"\t\t<div data-elementor-type=\"wp-page\" data-elementor-id=\"44\" class=\"elementor elementor-44\">\n\t\t\t\t\t\t<section class=\"elementor-section elementor-top-section elementor-element elementor-element-9469b97 elementor-section-boxed elementor-section-height-default elementor-section-height-default\" data-id=\"9469b97\" data-element_type=\"section\">\n\t\t\t\t\t\t<div class=\"elementor-container elementor-column-gap-default\">\n\t\t\t\t\t<div class=\"elementor-column elementor-col-100 elementor-top-column elementor-element elementor-element-83ed5c1\" data-id=\"83ed5c1\" data-element_type=\"column\">\n\t\t\t<div class=\"elementor-widget-wrap elementor-element-populated\">\n\t\t\t\t\t\t<div class=\"elementor-element elementor-element-15f2521 elementor-widget elementor-widget-heading\" data-id=\"15f2521\" data-element_type=\"widget\" data-widget_type=\"heading.default\">\n\t\t\t\t<div class=\"elementor-widget-container\">\n\t\t\t<style>\/*! elementor - v3.23.0 - 05-08-2024 *\/\n.elementor-heading-title{padding:0;margin:0;line-height:1}.elementor-widget-heading .elementor-heading-title[class*=elementor-size-]>a{color:inherit;font-size:inherit;line-height:inherit}.elementor-widget-heading .elementor-heading-title.elementor-size-small{font-size:15px}.elementor-widget-heading .elementor-heading-title.elementor-size-medium{font-size:19px}.elementor-widget-heading .elementor-heading-title.elementor-size-large{font-size:29px}.elementor-widget-heading .elementor-heading-title.elementor-size-xl{font-size:39px}.elementor-widget-heading .elementor-heading-title.elementor-size-xxl{font-size:59px}<\/style><h1 class=\"elementor-heading-title elementor-size-default\">Compra Remeras para Sublimar de Alta Calidad<\/h1>\t\t<\/div>\n\t\t\t\t<\/div>\n\t\t\t\t\t<\/div>\n\t\t<\/div>\n\t\t\t\t\t<\/div>\n\t\t<\/section>\n\t\t\t\t<section class=\"elementor-section elementor-top-section elementor-element elementor-element-e503765 elementor-section-boxed elementor-section-height-default elementor-section-height-default\" data-id=\"e503765\" data-element_type=\"section\">\n\t\t\t\t\t\t<div class=\"elementor-container elementor-column-gap-default\">\n\t\t\t\t\t<div class=\"elementor-column elementor-col-100 elementor-top-column elementor-element elementor-element-0c4027a\" data-id=\"0c4027a\" data-element_type=\"column\">\n\t\t\t<div class=\"elementor-widget-wrap elementor-element-populated\">\n\t\t\t\t\t\t<div class=\"elementor-element elementor-element-742d07d elementor-widget elementor-widget-heading\" data-id=\"742d07d\" data-element_type=\"widget\" data-widget_type=\"heading.default\">\n\t\t\t\t<div class=\"elementor-widget-container\">\n\t\t\t<h2 class=\"elementor-heading-title elementor-size-default\">Remeras para sublimar con env\u00edo gratis. <\/h2>\t\t<\/div>\n\t\t\t\t<\/div>\n\t\t\t\t\t<\/div>\n\t\t<\/div>\n\t\t\t\t\t<\/div>\n\t\t<\/section>\n\t\t\t\t<section class=\"elementor-section elementor-top-section elementor-element elementor-element-71867c5 elementor-section-boxed elementor-section-height-default elementor-section-height-default\" data-id=\"71867c5\" data-element_type=\"section\">\n\t\t\t\t\t\t<div class=\"elementor-container elementor-column-gap-default\">\n\t\t\t\t\t<div class=\"elementor-column elementor-col-100 elementor-top-column elementor-element elementor-element-48e4834\" data-id=\"48e4834\" data-element_type=\"column\">\n\t\t\t<div class=\"elementor-widget-wrap elementor-element-populated\">\n\t\t\t\t\t\t<div class=\"elementor-element elementor-element-1481a76 elementor-widget elementor-widget-text-editor\" data-id=\"1481a76\" data-element_type=\"widget\" data-widget_type=\"text-editor.default\">\n\t\t\t\t<div class=\"elementor-widget-container\">\n\t\t\t<style>\/*! elementor - v3.23.0 - 05-08-2024 *\/\n.elementor-widget-text-editor.elementor-drop-cap-view-stacked .elementor-drop-cap{background-color:#69727d;color:#fff}.elementor-widget-text-editor.elementor-drop-cap-view-framed .elementor-drop-cap{color:#69727d;border:3px solid;background-color:transparent}.elementor-widget-text-editor:not(.elementor-drop-cap-view-default) .elementor-drop-cap{margin-top:8px}.elementor-widget-text-editor:not(.elementor-drop-cap-view-default) .elementor-drop-cap-letter{width:1em;height:1em}.elementor-widget-text-editor .elementor-drop-cap{float:left;text-align:center;line-height:1;font-size:50px}.elementor-widget-text-editor .elementor-drop-cap-letter{display:inline-block}<\/style>\t\t\t\t<p>Calidad premium y variedad de talles.<\/p>\t\t\t\t\t\t<\/div>\n\t\t\t\t<\/div>\n\t\t\t\t\t<\/div>\n\t\t<\/div>\n\t\t\t\t\t<\/div>\n\t\t<\/section>\n\t\t\t\t<section class=\"elementor-section elementor-top-section elementor-element elementor-element-058dda3 elementor-section-boxed elementor-section-height-default elementor-section-height-default\" data-id=\"058dda3\" data-element_type=\"section\">\n\t\t\t\t\t\t<div class=\"elementor-container elementor-column-gap-default\">\n\t\t\t\t\t<div class=\"elementor-column elementor-col-25 elementor-top-column elementor-element elementor-element-1c55ab3\" data-id=\"1c55ab3\" data-element_type=\"column\">\n\t\t\t<div class=\"elementor-widget-wrap elementor-element-populated\">\n\t\t\t\t\t\t<div class=\"elementor-element elementor-element-270193e elementor-widget elementor-widget-image\" data-id=\"270193e\" data-element_type=\"widget\" data-widget_type=\"image.default\">\n\t\t\t\t<div class=\"elementor-widget-container\">\n\t\t\t<style>\/*! elementor - v3.23.0 - 05-08-2024 *\/\n.elementor-widget-image{text-align:center}.elementor-widget-image a{display:inline-block}.elementor-widget-image a img[src$=\".svg\"]{width:48px}.elementor-widget-image img{vertical-align:middle;display:inline-block}<\/style>\t\t\t\t\t\t\t\t\t\t<img fetchpriority=\"high\" decoding=\"async\" width=\"842\" height=\"1024\" src=\"https:\/\/remerasdespum.com.ar\/wp-content\/uploads\/2022\/01\/Remerasdespum5-842x1024.jpeg\" class=\"attachment-large size-large wp-image-17\" alt=\"\" srcset=\"https:\/\/remerasdespum.com.ar\/wp-content\/uploads\/2022\/01\/Remerasdespum5-842x1024.jpeg 842w, https:\/\/remerasdespum.com.ar\/wp-content\/uploads\/2022\/01\/Remerasdespum5-247x300.jpeg 247w, https:\/\/remerasdespum.com.ar\/wp-content\/uploads\/2022\/01\/Remerasdespum5-768x934.jpeg 768w, https:\/\/remerasdespum.com.ar\/wp-content\/uploads\/2022\/01\/Remerasdespum5.jpeg 1052w\" sizes=\"(max-width: 842px) 100vw, 842px\" \/>\t\t\t\t\t\t\t\t\t\t\t\t\t<\/div>\n\t\t\t\t<\/div>\n\t\t\t\t\t<\/div>\n\t\t<\/div>\n\t\t\t\t<div class=\"elementor-column elementor-col-25 elementor-top-column elementor-element elementor-element-ac7d816\" data-id=\"ac7d816\" data-element_type=\"column\">\n\t\t\t<div class=\"elementor-widget-wrap elementor-element-populated\">\n\t\t\t\t\t\t<div class=\"elementor-element elementor-element-8bcd138 elementor-widget elementor-widget-image\" data-id=\"8bcd138\" data-element_type=\"widget\" data-widget_type=\"image.default\">\n\t\t\t\t<div class=\"elementor-widget-container\">\n\t\t\t\t\t\t\t\t\t\t\t\t\t<img decoding=\"async\" width=\"778\" height=\"1024\" src=\"https:\/\/remerasdespum.com.ar\/wp-content\/uploads\/2022\/01\/remerasdespum4-778x1024.jpeg\" class=\"attachment-large size-large wp-image-16\" alt=\"\" srcset=\"https:\/\/remerasdespum.com.ar\/wp-content\/uploads\/2022\/01\/remerasdespum4-778x1024.jpeg 778w, https:\/\/remerasdespum.com.ar\/wp-content\/uploads\/2022\/01\/remerasdespum4-228x300.jpeg 228w, https:\/\/remerasdespum.com.ar\/wp-content\/uploads\/2022\/01\/remerasdespum4-768x1011.jpeg 768w, https:\/\/remerasdespum.com.ar\/wp-content\/uploads\/2022\/01\/remerasdespum4.jpeg 972w\" sizes=\"(max-width: 778px) 100vw, 778px\" \/>\t\t\t\t\t\t\t\t\t\t\t\t\t<\/div>\n\t\t\t\t<\/div>\n\t\t\t\t\t<\/div>\n\t\t<\/div>\n\t\t\t\t<div class=\"elementor-column elementor-col-25 elementor-top-column elementor-element elementor-element-bf333e1\" data-id=\"bf333e1\" data-element_type=\"column\">\n\t\t\t<div class=\"elementor-widget-wrap elementor-element-populated\">\n\t\t\t\t\t\t<div class=\"elementor-element elementor-element-b5d1166 elementor-widget elementor-widget-image\" data-id=\"b5d1166\" data-element_type=\"widget\" data-widget_type=\"image.default\">\n\t\t\t\t<div class=\"elementor-widget-container\">\n\t\t\t\t\t\t\t\t\t\t\t\t\t<img decoding=\"async\" width=\"765\" height=\"1024\" src=\"https:\/\/remerasdespum.com.ar\/wp-content\/uploads\/2022\/01\/Remerasdespum7-765x1024.jpeg\" class=\"attachment-large size-large wp-image-19\" alt=\"\" srcset=\"https:\/\/remerasdespum.com.ar\/wp-content\/uploads\/2022\/01\/Remerasdespum7-765x1024.jpeg 765w, https:\/\/remerasdespum.com.ar\/wp-content\/uploads\/2022\/01\/Remerasdespum7-224x300.jpeg 224w, https:\/\/remerasdespum.com.ar\/wp-content\/uploads\/2022\/01\/Remerasdespum7-768x1028.jpeg 768w, https:\/\/remerasdespum.com.ar\/wp-content\/uploads\/2022\/01\/Remerasdespum7.jpeg 956w\" sizes=\"(max-width: 765px) 100vw, 765px\" \/>\t\t\t\t\t\t\t\t\t\t\t\t\t<\/div>\n\t\t\t\t<\/div>\n\t\t\t\t\t<\/div>\n\t\t<\/div>\n\t\t\t\t<div class=\"elementor-column elementor-col-25 elementor-top-column elementor-element elementor-element-491b5eb\" data-id=\"491b5eb\" data-element_type=\"column\">\n\t\t\t<div class=\"elementor-widget-wrap elementor-element-populated\">\n\t\t\t\t\t\t<div class=\"elementor-element elementor-element-7555e75 elementor-widget elementor-widget-image\" data-id=\"7555e75\" data-element_type=\"widget\" data-widget_type=\"image.default\">\n\t\t\t\t<div class=\"elementor-widget-container\">\n\t\t\t\t\t\t\t\t\t\t\t\t\t<img loading=\"lazy\" decoding=\"async\" width=\"790\" height=\"1024\" src=\"https:\/\/remerasdespum.com.ar\/wp-content\/uploads\/2022\/01\/Remerasdespum9-790x1024.jpeg\" class=\"attachment-large size-large wp-image-21\" alt=\"\" srcset=\"https:\/\/remerasdespum.com.ar\/wp-content\/uploads\/2022\/01\/Remerasdespum9-790x1024.jpeg 790w, https:\/\/remerasdespum.com.ar\/wp-content\/uploads\/2022\/01\/Remerasdespum9-232x300.jpeg 232w, https:\/\/remerasdespum.com.ar\/wp-content\/uploads\/2022\/01\/Remerasdespum9-768x995.jpeg 768w, https:\/\/remerasdespum.com.ar\/wp-content\/uploads\/2022\/01\/Remerasdespum9.jpeg 988w\" sizes=\"(max-width: 790px) 100vw, 790px\" \/>\t\t\t\t\t\t\t\t\t\t\t\t\t<\/div>\n\t\t\t\t<\/div>\n\t\t\t\t\t<\/div>\n\t\t<\/div>\n\t\t\t\t\t<\/div>\n\t\t<\/section>\n\t\t\t\t<section class=\"elementor-section elementor-top-section elementor-element elementor-element-2bafc9d elementor-section-boxed elementor-section-height-default elementor-section-height-default\" data-id=\"2bafc9d\" data-element_type=\"section\">\n\t\t\t\t\t\t<div class=\"elementor-container elementor-column-gap-default\">\n\t\t\t\t\t<div class=\"elementor-column elementor-col-25 elementor-top-column elementor-element elementor-element-c9f8e07\" data-id=\"c9f8e07\" data-element_type=\"column\">\n\t\t\t<div class=\"elementor-widget-wrap elementor-element-populated\">\n\t\t\t\t\t\t<div class=\"elementor-element elementor-element-bee3b3b elementor-widget elementor-widget-image\" data-id=\"bee3b3b\" data-element_type=\"widget\" data-widget_type=\"image.default\">\n\t\t\t\t<div class=\"elementor-widget-container\">\n\t\t\t\t\t\t\t\t\t\t\t\t\t<img loading=\"lazy\" decoding=\"async\" width=\"732\" height=\"1024\" src=\"https:\/\/remerasdespum.com.ar\/wp-content\/uploads\/2022\/01\/Remerasdespum6-732x1024.jpeg\" class=\"attachment-large size-large wp-image-18\" alt=\"\" srcset=\"https:\/\/remerasdespum.com.ar\/wp-content\/uploads\/2022\/01\/Remerasdespum6-732x1024.jpeg 732w, https:\/\/remerasdespum.com.ar\/wp-content\/uploads\/2022\/01\/Remerasdespum6-214x300.jpeg 214w, https:\/\/remerasdespum.com.ar\/wp-content\/uploads\/2022\/01\/Remerasdespum6-768x1074.jpeg 768w, https:\/\/remerasdespum.com.ar\/wp-content\/uploads\/2022\/01\/Remerasdespum6.jpeg 915w\" sizes=\"(max-width: 732px) 100vw, 732px\" \/>\t\t\t\t\t\t\t\t\t\t\t\t\t<\/div>\n\t\t\t\t<\/div>\n\t\t\t\t\t<\/div>\n\t\t<\/div>\n\t\t\t\t<div class=\"elementor-column elementor-col-25 elementor-top-column elementor-element elementor-element-b2838ea\" data-id=\"b2838ea\" data-element_type=\"column\">\n\t\t\t<div class=\"elementor-widget-wrap elementor-element-populated\">\n\t\t\t\t\t\t<div class=\"elementor-element elementor-element-688bedf elementor-widget elementor-widget-image\" data-id=\"688bedf\" data-element_type=\"widget\" data-widget_type=\"image.default\">\n\t\t\t\t<div class=\"elementor-widget-container\">\n\t\t\t\t\t\t\t\t\t\t\t\t\t<img loading=\"lazy\" decoding=\"async\" width=\"837\" height=\"1024\" src=\"https:\/\/remerasdespum.com.ar\/wp-content\/uploads\/2022\/02\/Remeraslisas-c-837x1024.jpeg\" class=\"attachment-large size-large wp-image-40\" alt=\"remeras para sublimar\" srcset=\"https:\/\/remerasdespum.com.ar\/wp-content\/uploads\/2022\/02\/Remeraslisas-c-837x1024.jpeg 837w, https:\/\/remerasdespum.com.ar\/wp-content\/uploads\/2022\/02\/Remeraslisas-c-245x300.jpeg 245w, https:\/\/remerasdespum.com.ar\/wp-content\/uploads\/2022\/02\/Remeraslisas-c-768x940.jpeg 768w, https:\/\/remerasdespum.com.ar\/wp-content\/uploads\/2022\/02\/Remeraslisas-c.jpeg 1046w\" sizes=\"(max-width: 837px) 100vw, 837px\" \/>\t\t\t\t\t\t\t\t\t\t\t\t\t<\/div>\n\t\t\t\t<\/div>\n\t\t\t\t\t<\/div>\n\t\t<\/div>\n\t\t\t\t<div class=\"elementor-column elementor-col-25 elementor-top-column elementor-element elementor-element-65983c3\" data-id=\"65983c3\" data-element_type=\"column\">\n\t\t\t<div class=\"elementor-widget-wrap elementor-element-populated\">\n\t\t\t\t\t\t<div class=\"elementor-element elementor-element-d88a256 elementor-widget elementor-widget-image\" data-id=\"d88a256\" data-element_type=\"widget\" data-widget_type=\"image.default\">\n\t\t\t\t<div class=\"elementor-widget-container\">\n\t\t\t\t\t\t\t\t\t\t\t\t\t<img loading=\"lazy\" decoding=\"async\" width=\"865\" height=\"1024\" src=\"https:\/\/remerasdespum.com.ar\/wp-content\/uploads\/2022\/01\/Remerasdespum8-865x1024.jpeg\" class=\"attachment-large size-large wp-image-20\" alt=\"\" srcset=\"https:\/\/remerasdespum.com.ar\/wp-content\/uploads\/2022\/01\/Remerasdespum8-865x1024.jpeg 865w, https:\/\/remerasdespum.com.ar\/wp-content\/uploads\/2022\/01\/Remerasdespum8-254x300.jpeg 254w, https:\/\/remerasdespum.com.ar\/wp-content\/uploads\/2022\/01\/Remerasdespum8-768x909.jpeg 768w, https:\/\/remerasdespum.com.ar\/wp-content\/uploads\/2022\/01\/Remerasdespum8.jpeg 1080w\" sizes=\"(max-width: 865px) 100vw, 865px\" \/>\t\t\t\t\t\t\t\t\t\t\t\t\t<\/div>\n\t\t\t\t<\/div>\n\t\t\t\t\t<\/div>\n\t\t<\/div>\n\t\t\t\t<div class=\"elementor-column elementor-col-25 elementor-top-column elementor-element elementor-element-388265d\" data-id=\"388265d\" data-element_type=\"column\">\n\t\t\t<div class=\"elementor-widget-wrap elementor-element-populated\">\n\t\t\t\t\t\t<div class=\"elementor-element elementor-element-a929efe elementor-widget elementor-widget-image\" data-id=\"a929efe\" data-element_type=\"widget\" data-widget_type=\"image.default\">\n\t\t\t\t<div class=\"elementor-widget-container\">\n\t\t\t\t\t\t\t\t\t\t\t\t\t<img loading=\"lazy\" decoding=\"async\" width=\"783\" height=\"1024\" src=\"https:\/\/remerasdespum.com.ar\/wp-content\/uploads\/2022\/01\/remerasdespum1-783x1024.jpeg\" class=\"attachment-large size-large wp-image-12\" alt=\"\" srcset=\"https:\/\/remerasdespum.com.ar\/wp-content\/uploads\/2022\/01\/remerasdespum1-783x1024.jpeg 783w, https:\/\/remerasdespum.com.ar\/wp-content\/uploads\/2022\/01\/remerasdespum1-229x300.jpeg 229w, https:\/\/remerasdespum.com.ar\/wp-content\/uploads\/2022\/01\/remerasdespum1-768x1004.jpeg 768w, https:\/\/remerasdespum.com.ar\/wp-content\/uploads\/2022\/01\/remerasdespum1.jpeg 979w\" sizes=\"(max-width: 783px) 100vw, 783px\" \/>\t\t\t\t\t\t\t\t\t\t\t\t\t<\/div>\n\t\t\t\t<\/div>\n\t\t\t\t\t<\/div>\n\t\t<\/div>\n\t\t\t\t\t<\/div>\n\t\t<\/section>\n\t\t\t\t<section class=\"elementor-section elementor-top-section elementor-element elementor-element-dc8d1f9 elementor-section-boxed elementor-section-height-default elementor-section-height-default\" data-id=\"dc8d1f9\" data-element_type=\"section\">\n\t\t\t\t\t\t<div class=\"elementor-container elementor-column-gap-default\">\n\t\t\t\t\t<div class=\"elementor-column elementor-col-100 elementor-top-column elementor-element elementor-element-0de3b9f\" data-id=\"0de3b9f\" data-element_type=\"column\">\n\t\t\t<div class=\"elementor-widget-wrap elementor-element-populated\">\n\t\t\t\t\t\t<div class=\"elementor-element elementor-element-a797d32 elementor-widget elementor-widget-image\" data-id=\"a797d32\" data-element_type=\"widget\" data-widget_type=\"image.default\">\n\t\t\t\t<div class=\"elementor-widget-container\">\n\t\t\t\t\t\t\t\t\t\t\t\t\t<img loading=\"lazy\" decoding=\"async\" width=\"941\" height=\"1024\" src=\"https:\/\/remerasdespum.com.ar\/wp-content\/uploads\/2022\/02\/remerasdespum-1a-941x1024.jpeg\" class=\"attachment-large size-large wp-image-29\" alt=\"\" srcset=\"https:\/\/remerasdespum.com.ar\/wp-content\/uploads\/2022\/02\/remerasdespum-1a-941x1024.jpeg 941w, https:\/\/remerasdespum.com.ar\/wp-content\/uploads\/2022\/02\/remerasdespum-1a-276x300.jpeg 276w, https:\/\/remerasdespum.com.ar\/wp-content\/uploads\/2022\/02\/remerasdespum-1a-768x836.jpeg 768w, https:\/\/remerasdespum.com.ar\/wp-content\/uploads\/2022\/02\/remerasdespum-1a.jpeg 1080w\" sizes=\"(max-width: 941px) 100vw, 941px\" \/>\t\t\t\t\t\t\t\t\t\t\t\t\t<\/div>\n\t\t\t\t<\/div>\n\t\t\t\t\t<\/div>\n\t\t<\/div>\n\t\t\t\t\t<\/div>\n\t\t<\/section>\n\t\t\t\t<section class=\"elementor-section elementor-top-section elementor-element elementor-element-ffba079 elementor-section-boxed elementor-section-height-default elementor-section-height-default\" data-id=\"ffba079\" data-element_type=\"section\">\n\t\t\t\t\t\t<div class=\"elementor-container elementor-column-gap-default\">\n\t\t\t\t\t<div class=\"elementor-column elementor-col-100 elementor-top-column elementor-element elementor-element-6acc3fd\" data-id=\"6acc3fd\" data-element_type=\"column\">\n\t\t\t<div class=\"elementor-widget-wrap elementor-element-populated\">\n\t\t\t\t\t\t<div class=\"elementor-element elementor-element-75363a0 elementor-widget elementor-widget-text-editor\" data-id=\"75363a0\" data-element_type=\"widget\" data-widget_type=\"text-editor.default\">\n\t\t\t\t<div class=\"elementor-widget-container\">\n\t\t\t\t\t\t\t<p>F\u00e1brica de <em>Remeras para Sublimar<\/em> de Polyester Manga Corta Blanca. F\u00e1brica de Remeras de Poliester Spum para Sublimar. Venta de Remeras Lisas por Mayor y Menor en Once, Flores, La Salada.<\/p>\t\t\t\t\t\t<\/div>\n\t\t\t\t<\/div>\n\t\t\t\t\t<\/div>\n\t\t<\/div>\n\t\t\t\t\t<\/div>\n\t\t<\/section>\n\t\t\t\t<\/div>\n\t\t","protected":false},"excerpt":{"rendered":"<p>Compra Remeras para Sublimar de Alta Calidad Remeras para sublimar con env\u00edo gratis. Calidad premium y variedad de talles. F\u00e1brica de Remeras para Sublimar de Polyester Manga Corta Blanca. F\u00e1brica de Remeras de Poliester Spum para Sublimar. Venta de Remeras Lisas por Mayor y Menor en Once, Flores, La Salada.<\/p>\n","protected":false},"author":1,"featured_media":0,"parent":0,"menu_order":0,"comment_status":"closed","ping_status":"closed","template":"page-templates\/template-pagebuilder-full-width.php","meta":{"neve_meta_sidebar":"","neve_meta_container":"","neve_meta_enable_content_width":"","neve_meta_content_width":0,"neve_meta_title_alignment":"","neve_meta_author_avatar":"","neve_post_elements_order":"","neve_meta_disable_header":"","neve_meta_disable_footer":"","neve_meta_disable_title":"","_joinchat":[],"footnotes":""},"class_list":["post-44","page","type-page","status-publish","hentry"],"yoast_head":"<!-- This site is optimized with the Yoast SEO plugin v23.4 - https:\/\/yoast.com\/wordpress\/plugins\/seo\/ -->\n<title>Remeras de Spum - Remeras para Sublimar<\/title>\n<meta name=\"description\" content=\"\u25b7 Las Mejores Remeras de Spum . Descarg\u00e1 ahora mismo la lista de precios actualizada de remeras lisas para sublimar y estampar.\" \/>\n<meta name=\"robots\" content=\"index, follow, max-snippet:-1, max-image-preview:large, max-video-preview:-1\" \/>\n<link rel=\"canonical\" href=\"https:\/\/remerasdespum.com.ar\/?page_id=44\" \/>\n<meta property=\"og:locale\" content=\"es_ES\" \/>\n<meta property=\"og:type\" content=\"article\" \/>\n<meta property=\"og:title\" content=\"Remeras de Spum - Remeras para Sublimar\" \/>\n<meta property=\"og:description\" content=\"\u25b7 Las Mejores Remeras de Spum . Descarg\u00e1 ahora mismo la lista de precios actualizada de remeras lisas para sublimar y estampar.\" \/>\n<meta property=\"og:url\" content=\"https:\/\/remerasdespum.com.ar\/?page_id=44\" \/>\n<meta property=\"og:site_name\" content=\"Remeras de Spum | Remeras lisas\" \/>\n<meta property=\"article:modified_time\" content=\"2024-08-07T17:49:57+00:00\" \/>\n<meta property=\"og:image\" content=\"http:\/\/remerasdespum.com.ar\/wp-content\/uploads\/2022\/01\/Remerasdespum5-842x1024.jpeg\" \/>\n<meta name=\"twitter:card\" content=\"summary_large_image\" \/>\n<meta name=\"twitter:label1\" content=\"Tiempo de lectura\" \/>\n\t<meta name=\"twitter:data1\" content=\"3 minutos\" \/>\n<script type=\"application\/ld+json\" class=\"yoast-schema-graph\">{\"@context\":\"https:\/\/schema.org\",\"@graph\":[{\"@type\":\"WebPage\",\"@id\":\"https:\/\/remerasdespum.com.ar\/?page_id=44\",\"url\":\"https:\/\/remerasdespum.com.ar\/?page_id=44\",\"name\":\"Remeras de Spum - Remeras para Sublimar\",\"isPartOf\":{\"@id\":\"https:\/\/remerasdespum.com.ar\/#website\"},\"primaryImageOfPage\":{\"@id\":\"https:\/\/remerasdespum.com.ar\/?page_id=44#primaryimage\"},\"image\":{\"@id\":\"https:\/\/remerasdespum.com.ar\/?page_id=44#primaryimage\"},\"thumbnailUrl\":\"http:\/\/remerasdespum.com.ar\/wp-content\/uploads\/2022\/01\/Remerasdespum5-842x1024.jpeg\",\"datePublished\":\"2022-02-04T01:12:51+00:00\",\"dateModified\":\"2024-08-07T17:49:57+00:00\",\"description\":\"\u25b7 Las Mejores Remeras de Spum . Descarg\u00e1 ahora mismo la lista de precios actualizada de remeras lisas para sublimar y estampar.\",\"breadcrumb\":{\"@id\":\"https:\/\/remerasdespum.com.ar\/?page_id=44#breadcrumb\"},\"inLanguage\":\"es\",\"potentialAction\":[{\"@type\":\"ReadAction\",\"target\":[\"https:\/\/remerasdespum.com.ar\/?page_id=44\"]}]},{\"@type\":\"ImageObject\",\"inLanguage\":\"es\",\"@id\":\"https:\/\/remerasdespum.com.ar\/?page_id=44#primaryimage\",\"url\":\"https:\/\/remerasdespum.com.ar\/wp-content\/uploads\/2022\/01\/Remerasdespum5.jpeg\",\"contentUrl\":\"https:\/\/remerasdespum.com.ar\/wp-content\/uploads\/2022\/01\/Remerasdespum5.jpeg\",\"width\":1052,\"height\":1280},{\"@type\":\"BreadcrumbList\",\"@id\":\"https:\/\/remerasdespum.com.ar\/?page_id=44#breadcrumb\",\"itemListElement\":[{\"@type\":\"ListItem\",\"position\":1,\"name\":\"Portada\",\"item\":\"https:\/\/remerasdespum.com.ar\/\"},{\"@type\":\"ListItem\",\"position\":2,\"name\":\"Remeras lisas de Spum\"}]},{\"@type\":\"WebSite\",\"@id\":\"https:\/\/remerasdespum.com.ar\/#website\",\"url\":\"https:\/\/remerasdespum.com.ar\/\",\"name\":\"Remeras de Spum | Remeras lisas\",\"description\":\"Remeras de Spum para sublimar\",\"potentialAction\":[{\"@type\":\"SearchAction\",\"target\":{\"@type\":\"EntryPoint\",\"urlTemplate\":\"https:\/\/remerasdespum.com.ar\/?s={search_term_string}\"},\"query-input\":{\"@type\":\"PropertyValueSpecification\",\"valueRequired\":true,\"valueName\":\"search_term_string\"}}],\"inLanguage\":\"es\"}]}<\/script>\n<!-- \/ Yoast SEO plugin. -->","yoast_head_json":{"title":"Remeras de Spum - Remeras para Sublimar","description":"\u25b7 Las Mejores Remeras de Spum . Descarg\u00e1 ahora mismo la lista de precios actualizada de remeras lisas para sublimar y estampar.","robots":{"index":"index","follow":"follow","max-snippet":"max-snippet:-1","max-image-preview":"max-image-preview:large","max-video-preview":"max-video-preview:-1"},"canonical":"https:\/\/remerasdespum.com.ar\/?page_id=44","og_locale":"es_ES","og_type":"article","og_title":"Remeras de Spum - Remeras para Sublimar","og_description":"\u25b7 Las Mejores Remeras de Spum . Descarg\u00e1 ahora mismo la lista de precios actualizada de remeras lisas para sublimar y estampar.","og_url":"https:\/\/remerasdespum.com.ar\/?page_id=44","og_site_name":"Remeras de Spum | Remeras lisas","article_modified_time":"2024-08-07T17:49:57+00:00","og_image":[{"url":"http:\/\/remerasdespum.com.ar\/wp-content\/uploads\/2022\/01\/Remerasdespum5-842x1024.jpeg"}],"twitter_card":"summary_large_image","twitter_misc":{"Tiempo de lectura":"3 minutos"},"schema":{"@context":"https:\/\/schema.org","@graph":[{"@type":"WebPage","@id":"https:\/\/remerasdespum.com.ar\/?page_id=44","url":"https:\/\/remerasdespum.com.ar\/?page_id=44","name":"Remeras de Spum - Remeras para Sublimar","isPartOf":{"@id":"https:\/\/remerasdespum.com.ar\/#website"},"primaryImageOfPage":{"@id":"https:\/\/remerasdespum.com.ar\/?page_id=44#primaryimage"},"image":{"@id":"https:\/\/remerasdespum.com.ar\/?page_id=44#primaryimage"},"thumbnailUrl":"http:\/\/remerasdespum.com.ar\/wp-content\/uploads\/2022\/01\/Remerasdespum5-842x1024.jpeg","datePublished":"2022-02-04T01:12:51+00:00","dateModified":"2024-08-07T17:49:57+00:00","description":"\u25b7 Las Mejores Remeras de Spum . Descarg\u00e1 ahora mismo la lista de precios actualizada de remeras lisas para sublimar y estampar.","breadcrumb":{"@id":"https:\/\/remerasdespum.com.ar\/?page_id=44#breadcrumb"},"inLanguage":"es","potentialAction":[{"@type":"ReadAction","target":["https:\/\/remerasdespum.com.ar\/?page_id=44"]}]},{"@type":"ImageObject","inLanguage":"es","@id":"https:\/\/remerasdespum.com.ar\/?page_id=44#primaryimage","url":"https:\/\/remerasdespum.com.ar\/wp-content\/uploads\/2022\/01\/Remerasdespum5.jpeg","contentUrl":"https:\/\/remerasdespum.com.ar\/wp-content\/uploads\/2022\/01\/Remerasdespum5.jpeg","width":1052,"height":1280},{"@type":"BreadcrumbList","@id":"https:\/\/remerasdespum.com.ar\/?page_id=44#breadcrumb","itemListElement":[{"@type":"ListItem","position":1,"name":"Portada","item":"https:\/\/remerasdespum.com.ar\/"},{"@type":"ListItem","position":2,"name":"Remeras lisas de Spum"}]},{"@type":"WebSite","@id":"https:\/\/remerasdespum.com.ar\/#website","url":"https:\/\/remerasdespum.com.ar\/","name":"Remeras de Spum | Remeras lisas","description":"Remeras de Spum para sublimar","potentialAction":[{"@type":"SearchAction","target":{"@type":"EntryPoint","urlTemplate":"https:\/\/remerasdespum.com.ar\/?s={search_term_string}"},"query-input":{"@type":"PropertyValueSpecification","valueRequired":true,"valueName":"search_term_string"}}],"inLanguage":"es"}]}},"_links":{"self":[{"href":"https:\/\/remerasdespum.com.ar\/index.php?rest_route=\/wp\/v2\/pages\/44"}],"collection":[{"href":"https:\/\/remerasdespum.com.ar\/index.php?rest_route=\/wp\/v2\/pages"}],"about":[{"href":"https:\/\/remerasdespum.com.ar\/index.php?rest_route=\/wp\/v2\/types\/page"}],"author":[{"embeddable":true,"href":"https:\/\/remerasdespum.com.ar\/index.php?rest_route=\/wp\/v2\/users\/1"}],"replies":[{"embeddable":true,"href":"https:\/\/remerasdespum.com.ar\/index.php?rest_route=%2Fwp%2Fv2%2Fcomments&post=44"}],"version-history":[{"count":21,"href":"https:\/\/remerasdespum.com.ar\/index.php?rest_route=\/wp\/v2\/pages\/44\/revisions"}],"predecessor-version":[{"id":130,"href":"https:\/\/remerasdespum.com.ar\/index.php?rest_route=\/wp\/v2\/pages\/44\/revisions\/130"}],"wp:attachment":[{"href":"https:\/\/remerasdespum.com.ar\/index.php?rest_route=%2Fwp%2Fv2%2Fmedia&parent=44"}],"curies":[{"name":"wp","href":"https:\/\/api.w.org\/{rel}","templated":true}]}}